{"id":1261,"date":"2018-06-05T13:00:13","date_gmt":"2018-06-05T13:00:13","guid":{"rendered":"https:\/\/accountstudio.ee\/partnerid\/"},"modified":"2019-07-11T11:02:17","modified_gmt":"2019-07-11T11:02:17","slug":"%d0%bf%d0%b0%d1%80%d1%82%d0%bd%d0%b5%d1%80%d1%8b","status":"publish","type":"page","link":"https:\/\/www.accountstudio.ee\/ru\/%d0%ba%d0%bb%d0%b8%d0%b5%d0%bd%d1%82%d1%8b\/%d0%bf%d0%b0%d1%80%d1%82%d0%bd%d0%b5%d1%80%d1%8b\/","title":{"rendered":"\u041f\u0430\u0440\u0442\u043d\u0435\u0440\u044b"},"content":{"rendered":"<div id=\"pl-1261\"  class=\"panel-layout\" ><div id=\"pg-1261-0\"  class=\"panel-grid panel-no-style\" ><div id=\"pgc-1261-0-0\"  class=\"panel-grid-cell\" ><div id=\"panel-1261-0-0-0\" class=\"so-panel widget widget_sow-image panel-first-child panel-last-child\" data-index=\"0\" ><div\n\t\t\t\n\t\t\tclass=\"so-widget-sow-image so-widget-sow-image-default-c67d20f9f743-1261\"\n\t\t\t\n\t\t>\n<div class=\"sow-image-container\">\n\t\t\t<a href=\"http:\/\/www.fs.ee\"\n\t\t\ttarget=\"_blank\" rel=\"noopener noreferrer\" \t\t>\n\t\t\t<img loading=\"lazy\" decoding=\"async\" src=\"https:\/\/www.accountstudio.ee\/wp-content\/uploads\/2017\/08\/FS_Teenused_logo_color_white.jpg\" width=\"575\" height=\"233\" srcset=\"https:\/\/www.accountstudio.ee\/wp-content\/uploads\/2017\/08\/FS_Teenused_logo_color_white.jpg 575w, https:\/\/www.accountstudio.ee\/wp-content\/uploads\/2017\/08\/FS_Teenused_logo_color_white-300x122.jpg 300w\" sizes=\"auto, (max-width: 575px) 100vw, 575px\" title=\"FS TEENUSED O\u00dc\" alt=\"FS TEENUSED O\u00dc\" \t\tclass=\"so-widget-image\"\/>\n\t<\/a><\/div>\n\n<\/div><\/div><\/div><div id=\"pgc-1261-0-1\"  class=\"panel-grid-cell\" ><div id=\"panel-1261-0-1-0\" class=\"so-panel widget widget_sow-image panel-first-child panel-last-child\" data-index=\"1\" ><div\n\t\t\t\n\t\t\tclass=\"so-widget-sow-image so-widget-sow-image-default-c67d20f9f743-1261\"\n\t\t\t\n\t\t>\n<div class=\"sow-image-container\">\n\t\t\t<a href=\"http:\/\/www.remmers.ee\/\"\n\t\t\ttarget=\"_blank\" rel=\"noopener noreferrer\" \t\t>\n\t\t\t<img loading=\"lazy\" decoding=\"async\" src=\"https:\/\/www.accountstudio.ee\/wp-content\/uploads\/2017\/08\/Remmers_Logo_06-2016_RGB.jpg\" width=\"1240\" height=\"413\" srcset=\"https:\/\/www.accountstudio.ee\/wp-content\/uploads\/2017\/08\/Remmers_Logo_06-2016_RGB.jpg 1240w, https:\/\/www.accountstudio.ee\/wp-content\/uploads\/2017\/08\/Remmers_Logo_06-2016_RGB-300x100.jpg 300w\" sizes=\"auto, (max-width: 1240px) 100vw, 1240px\" title=\"Remmers Baltica O\u00dc\" alt=\"Remmers Baltica O\u00dc\" \t\tclass=\"so-widget-image\"\/>\n\t<\/a><\/div>\n\n<\/div><\/div><\/div><div id=\"pgc-1261-0-2\"  class=\"panel-grid-cell\" ><div id=\"panel-1261-0-2-0\" class=\"so-panel widget widget_sow-image panel-first-child panel-last-child\" data-index=\"2\" ><div\n\t\t\t\n\t\t\tclass=\"so-widget-sow-image so-widget-sow-image-default-c67d20f9f743-1261\"\n\t\t\t\n\t\t>\n<div class=\"sow-image-container\">\n\t\t\t<a href=\"https:\/\/www.rkmteam.ee\/\"\n\t\t\ttarget=\"_blank\" rel=\"noopener noreferrer\" \t\t>\n\t\t\t<img loading=\"lazy\" decoding=\"async\" src=\"https:\/\/www.accountstudio.ee\/wp-content\/uploads\/2019\/07\/rkm-uus-logo-207x119px.png\" width=\"207\" height=\"119\" sizes=\"auto, (max-width: 207px) 100vw, 207px\" title=\"RKM TEAM O\u00dc\" alt=\"RKM TEAM O\u00dc\" \t\tclass=\"so-widget-image\"\/>\n\t<\/a><\/div>\n\n<\/div><\/div><\/div><div id=\"pgc-1261-0-3\"  class=\"panel-grid-cell\" ><div id=\"panel-1261-0-3-0\" class=\"so-panel widget widget_sow-image panel-first-child panel-last-child\" data-index=\"3\" ><div\n\t\t\t\n\t\t\tclass=\"so-widget-sow-image so-widget-sow-image-default-c67d20f9f743-1261\"\n\t\t\t\n\t\t>\n<div class=\"sow-image-container\">\n\t\t\t<a href=\"http:\/\/www.allianss.eu\"\n\t\t\ttarget=\"_blank\" rel=\"noopener noreferrer\" \t\t>\n\t\t\t<img loading=\"lazy\" decoding=\"async\" src=\"https:\/\/www.accountstudio.ee\/wp-content\/uploads\/2018\/06\/Allianss_logo_punane_rgb2.png\" width=\"423\" height=\"423\" srcset=\"https:\/\/www.accountstudio.ee\/wp-content\/uploads\/2018\/06\/Allianss_logo_punane_rgb2.png 423w, https:\/\/www.accountstudio.ee\/wp-content\/uploads\/2018\/06\/Allianss_logo_punane_rgb2-300x300.png 300w, https:\/\/www.accountstudio.ee\/wp-content\/uploads\/2018\/06\/Allianss_logo_punane_rgb2-150x150.png 150w\" sizes=\"auto, (max-width: 423px) 100vw, 423px\" title=\"Allianss Arhitektid O\u00dc\" alt=\"Allianss Arhitektid O\u00dc\" \t\tclass=\"so-widget-image\"\/>\n\t<\/a><\/div>\n\n<\/div><\/div><\/div><div id=\"pgc-1261-0-4\"  class=\"panel-grid-cell\" ><div id=\"panel-1261-0-4-0\" class=\"so-panel widget widget_sow-image panel-first-child panel-last-child\" data-index=\"4\" ><div\n\t\t\t\n\t\t\tclass=\"so-widget-sow-image so-widget-sow-image-default-c67d20f9f743-1261\"\n\t\t\t\n\t\t>\n<div class=\"sow-image-container\">\n\t\t\t<a href=\"http:\/\/www.telema.ee\"\n\t\t\ttarget=\"_blank\" rel=\"noopener noreferrer\" \t\t>\n\t\t\t<img loading=\"lazy\" decoding=\"async\" src=\"https:\/\/www.accountstudio.ee\/wp-content\/uploads\/2019\/07\/telema_transparent.png\" width=\"833\" height=\"213\" srcset=\"https:\/\/www.accountstudio.ee\/wp-content\/uploads\/2019\/07\/telema_transparent.png 833w, https:\/\/www.accountstudio.ee\/wp-content\/uploads\/2019\/07\/telema_transparent-300x77.png 300w\" sizes=\"auto, (max-width: 833px) 100vw, 833px\" title=\"Telema\" alt=\"Allianss Arhitektid O\u00dc\" \t\tclass=\"so-widget-image\"\/>\n\t<\/a><\/div>\n\n<\/div><\/div><\/div><\/div><div id=\"pg-1261-1\"  class=\"panel-grid panel-no-style\" ><div id=\"pgc-1261-1-0\"  class=\"panel-grid-cell\" ><div id=\"panel-1261-1-0-0\" class=\"so-panel widget widget_sow-image panel-first-child panel-last-child\" data-index=\"5\" ><div\n\t\t\t\n\t\t\tclass=\"so-widget-sow-image so-widget-sow-image-default-c67d20f9f743-1261\"\n\t\t\t\n\t\t>\n<div class=\"sow-image-container\">\n\t\t\t<a href=\"http:\/\/www.luisa.ee\"\n\t\t\ttarget=\"_blank\" rel=\"noopener noreferrer\" \t\t>\n\t\t\t<img loading=\"lazy\" decoding=\"async\" src=\"https:\/\/www.accountstudio.ee\/wp-content\/uploads\/2018\/06\/Logo_ET_sinine-taust.jpg\" width=\"936\" height=\"316\" srcset=\"https:\/\/www.accountstudio.ee\/wp-content\/uploads\/2018\/06\/Logo_ET_sinine-taust.jpg 936w, https:\/\/www.accountstudio.ee\/wp-content\/uploads\/2018\/06\/Logo_ET_sinine-taust-300x101.jpg 300w\" sizes=\"auto, (max-width: 936px) 100vw, 936px\" title=\"Luisa T\u00f5lkeb\u00fcroo O\u00dc\" alt=\"Luisa T\u00f5lkeb\u00fcroo O\u00dc\" \t\tclass=\"so-widget-image\"\/>\n\t<\/a><\/div>\n\n<\/div><\/div><\/div><div id=\"pgc-1261-1-1\"  class=\"panel-grid-cell\" ><div id=\"panel-1261-1-1-0\" class=\"so-panel widget widget_sow-image panel-first-child panel-last-child\" data-index=\"6\" ><div\n\t\t\t\n\t\t\tclass=\"so-widget-sow-image so-widget-sow-image-default-c67d20f9f743-1261\"\n\t\t\t\n\t\t>\n<div class=\"sow-image-container\">\n\t\t\t<a href=\"https:\/\/www.tehnikakeskus.ee\/\"\n\t\t\ttarget=\"_blank\" rel=\"noopener noreferrer\" \t\t>\n\t\t\t<img loading=\"lazy\" decoding=\"async\" src=\"https:\/\/www.accountstudio.ee\/wp-content\/uploads\/2017\/08\/Tehnikakeskus_logo.png\" width=\"360\" height=\"129\" srcset=\"https:\/\/www.accountstudio.ee\/wp-content\/uploads\/2017\/08\/Tehnikakeskus_logo.png 360w, https:\/\/www.accountstudio.ee\/wp-content\/uploads\/2017\/08\/Tehnikakeskus_logo-300x108.png 300w\" sizes=\"auto, (max-width: 360px) 100vw, 360px\" title=\"Tehnikakeskus O\u00dc\" alt=\"Tehnikakeskus O\u00dc\" \t\tclass=\"so-widget-image\"\/>\n\t<\/a><\/div>\n\n<\/div><\/div><\/div><div id=\"pgc-1261-1-2\"  class=\"panel-grid-cell\" ><div id=\"panel-1261-1-2-0\" class=\"so-panel widget widget_sow-image panel-first-child panel-last-child\" data-index=\"7\" ><div\n\t\t\t\n\t\t\tclass=\"so-widget-sow-image so-widget-sow-image-default-c67d20f9f743-1261\"\n\t\t\t\n\t\t>\n<div class=\"sow-image-container\">\n\t\t\t<a href=\"http:\/\/www.ameerikaauto.ee\/\"\n\t\t\t\t\t>\n\t\t\t<img loading=\"lazy\" decoding=\"async\" src=\"https:\/\/www.accountstudio.ee\/wp-content\/uploads\/2018\/09\/AmeerikaAuto-Logo.jpg\" width=\"480\" height=\"480\" srcset=\"https:\/\/www.accountstudio.ee\/wp-content\/uploads\/2018\/09\/AmeerikaAuto-Logo.jpg 480w, https:\/\/www.accountstudio.ee\/wp-content\/uploads\/2018\/09\/AmeerikaAuto-Logo-300x300.jpg 300w, https:\/\/www.accountstudio.ee\/wp-content\/uploads\/2018\/09\/AmeerikaAuto-Logo-150x150.jpg 150w\" sizes=\"auto, (max-width: 480px) 100vw, 480px\" title=\"Ameerika Auto\" alt=\"Luminor\" \t\tclass=\"so-widget-image\"\/>\n\t<\/a><\/div>\n\n<\/div><\/div><\/div><div id=\"pgc-1261-1-3\"  class=\"panel-grid-cell panel-grid-cell-empty panel-grid-cell-mobile-last\" ><\/div><div id=\"pgc-1261-1-4\"  class=\"panel-grid-cell panel-grid-cell-empty\" ><\/div><\/div><\/div>","protected":false},"excerpt":{"rendered":"","protected":false},"author":4,"featured_media":0,"parent":1405,"menu_order":20,"comment_status":"closed","ping_status":"closed","template":"template-business.php","meta":{"footnotes":""},"class_list":["post-1261","page","type-page","status-publish","hentry"],"yoast_head":"<!-- This site is optimized with the Yoast SEO plugin v24.7 - https:\/\/yoast.com\/wordpress\/plugins\/seo\/ -->\r\n<title>Partnerid - \u00c4ritarkvara - AccountStudio teeb igap\u00e4evaselt koost\u00f6\u00f6d mitmete partneritega<\/title>\r\n<meta name=\"description\" content=\"AccountStudio teeb igap\u00e4evaselt koost\u00f6\u00f6d mitmete partneritega. K\u00f5ik meie partnerid omavad AccountStudio \u00e4ritarkvara lahendustega pikaajalist kogemust\" \/>\r\n<meta name=\"robots\" content=\"index, follow, max-snippet:-1, max-image-preview:large, max-video-preview:-1\" \/>\r\n<link rel=\"canonical\" href=\"https:\/\/m95-153-36-162.cust.tele2.ee\/ru\/\u043a\u043b\u0438\u0435\u043d\u0442\u044b\/\u043f\u0430\u0440\u0442\u043d\u0435\u0440\u044b\/\" \/>\r\n<meta property=\"og:locale\" content=\"ru_RU\" \/>\r\n<meta property=\"og:type\" content=\"article\" \/>\r\n<meta property=\"og:title\" content=\"Partnerid - \u00c4ritarkvara - AccountStudio teeb igap\u00e4evaselt koost\u00f6\u00f6d mitmete partneritega\" \/>\r\n<meta property=\"og:description\" content=\"AccountStudio teeb igap\u00e4evaselt koost\u00f6\u00f6d mitmete partneritega. K\u00f5ik meie partnerid omavad AccountStudio \u00e4ritarkvara lahendustega pikaajalist kogemust\" \/>\r\n<meta property=\"og:url\" content=\"https:\/\/m95-153-36-162.cust.tele2.ee\/ru\/\u043a\u043b\u0438\u0435\u043d\u0442\u044b\/\u043f\u0430\u0440\u0442\u043d\u0435\u0440\u044b\/\" \/>\r\n<meta property=\"og:site_name\" content=\"\u0411\u0443\u0445\u0433\u0430\u043b\u0442\u0435\u0440\u0441\u043a\u0430\u044f \u043f\u0440\u043e\u0433\u0440\u0430\u043c\u043c\u0430 - AccountStudio\" \/>\r\n<meta property=\"article:publisher\" content=\"https:\/\/www.facebook.com\/accountstudio\" \/>\r\n<meta property=\"article:modified_time\" content=\"2019-07-11T11:02:17+00:00\" \/>\r\n<meta property=\"og:image\" content=\"https:\/\/accountstudio.ee\/wp-content\/uploads\/2018\/09\/AccountStudio-logo-2.png\" \/>\r\n<meta name=\"twitter:card\" content=\"summary_large_image\" \/>\r\n<script type=\"application\/ld+json\" class=\"yoast-schema-graph\">{\"@context\":\"https:\/\/schema.org\",\"@graph\":[{\"@type\":\"WebPage\",\"@id\":\"https:\/\/m95-153-36-162.cust.tele2.ee\/ru\/%d0%ba%d0%bb%d0%b8%d0%b5%d0%bd%d1%82%d1%8b\/%d0%bf%d0%b0%d1%80%d1%82%d0%bd%d0%b5%d1%80%d1%8b\/\",\"url\":\"https:\/\/m95-153-36-162.cust.tele2.ee\/ru\/%d0%ba%d0%bb%d0%b8%d0%b5%d0%bd%d1%82%d1%8b\/%d0%bf%d0%b0%d1%80%d1%82%d0%bd%d0%b5%d1%80%d1%8b\/\",\"name\":\"Partnerid - \u00c4ritarkvara - AccountStudio teeb igap\u00e4evaselt koost\u00f6\u00f6d mitmete partneritega\",\"isPartOf\":{\"@id\":\"https:\/\/www.accountstudio.ee\/#website\"},\"datePublished\":\"2018-06-05T13:00:13+00:00\",\"dateModified\":\"2019-07-11T11:02:17+00:00\",\"description\":\"AccountStudio teeb igap\u00e4evaselt koost\u00f6\u00f6d mitmete partneritega. K\u00f5ik meie partnerid omavad AccountStudio \u00e4ritarkvara lahendustega pikaajalist kogemust\",\"breadcrumb\":{\"@id\":\"https:\/\/m95-153-36-162.cust.tele2.ee\/ru\/%d0%ba%d0%bb%d0%b8%d0%b5%d0%bd%d1%82%d1%8b\/%d0%bf%d0%b0%d1%80%d1%82%d0%bd%d0%b5%d1%80%d1%8b\/#breadcrumb\"},\"inLanguage\":\"ru-RU\",\"potentialAction\":[{\"@type\":\"ReadAction\",\"target\":[\"https:\/\/m95-153-36-162.cust.tele2.ee\/ru\/%d0%ba%d0%bb%d0%b8%d0%b5%d0%bd%d1%82%d1%8b\/%d0%bf%d0%b0%d1%80%d1%82%d0%bd%d0%b5%d1%80%d1%8b\/\"]}]},{\"@type\":\"BreadcrumbList\",\"@id\":\"https:\/\/m95-153-36-162.cust.tele2.ee\/ru\/%d0%ba%d0%bb%d0%b8%d0%b5%d0%bd%d1%82%d1%8b\/%d0%bf%d0%b0%d1%80%d1%82%d0%bd%d0%b5%d1%80%d1%8b\/#breadcrumb\",\"itemListElement\":[{\"@type\":\"ListItem\",\"position\":1,\"name\":\"Home\",\"item\":\"https:\/\/smtp.aovalgus.ee\/ru\/\"},{\"@type\":\"ListItem\",\"position\":2,\"name\":\"\u041a\u043b\u0438\u0435\u043d\u0442\u044b\",\"item\":\"https:\/\/m95-153-36-162.cust.tele2.ee\/ru\/%d0%ba%d0%bb%d0%b8%d0%b5%d0%bd%d1%82%d1%8b\/\"},{\"@type\":\"ListItem\",\"position\":3,\"name\":\"\u041f\u0430\u0440\u0442\u043d\u0435\u0440\u044b\"}]},{\"@type\":\"WebSite\",\"@id\":\"https:\/\/www.accountstudio.ee\/#website\",\"url\":\"https:\/\/www.accountstudio.ee\/\",\"name\":\"\u0411\u0443\u0445\u0433\u0430\u043b\u0442\u0435\u0440\u0441\u043a\u0430\u044f \u043f\u0440\u043e\u0433\u0440\u0430\u043c\u043c\u0430 - AccountStudio\",\"description\":\"\",\"publisher\":{\"@id\":\"https:\/\/www.accountstudio.ee\/#organization\"},\"potentialAction\":[{\"@type\":\"SearchAction\",\"target\":{\"@type\":\"EntryPoint\",\"urlTemplate\":\"https:\/\/www.accountstudio.ee\/?s={search_term_string}\"},\"query-input\":{\"@type\":\"PropertyValueSpecification\",\"valueRequired\":true,\"valueName\":\"search_term_string\"}}],\"inLanguage\":\"ru-RU\"},{\"@type\":\"Organization\",\"@id\":\"https:\/\/www.accountstudio.ee\/#organization\",\"name\":\"Account Studio O\u00dc\",\"url\":\"https:\/\/www.accountstudio.ee\/\",\"logo\":{\"@type\":\"ImageObject\",\"inLanguage\":\"ru-RU\",\"@id\":\"https:\/\/www.accountstudio.ee\/#\/schema\/logo\/image\/\",\"url\":\"https:\/\/accountstudio.ee\/wp-content\/uploads\/2017\/12\/Aritarkvara-AccountStudio.png\",\"contentUrl\":\"https:\/\/accountstudio.ee\/wp-content\/uploads\/2017\/12\/Aritarkvara-AccountStudio.png\",\"width\":2309,\"height\":351,\"caption\":\"Account Studio O\u00dc\"},\"image\":{\"@id\":\"https:\/\/www.accountstudio.ee\/#\/schema\/logo\/image\/\"},\"sameAs\":[\"https:\/\/www.facebook.com\/accountstudio\"]}]}<\/script>\r\n<!-- \/ Yoast SEO plugin. -->","yoast_head_json":{"title":"Partnerid - \u00c4ritarkvara - AccountStudio teeb igap\u00e4evaselt koost\u00f6\u00f6d mitmete partneritega","description":"AccountStudio teeb igap\u00e4evaselt koost\u00f6\u00f6d mitmete partneritega. K\u00f5ik meie partnerid omavad AccountStudio \u00e4ritarkvara lahendustega pikaajalist kogemust","robots":{"index":"index","follow":"follow","max-snippet":"max-snippet:-1","max-image-preview":"max-image-preview:large","max-video-preview":"max-video-preview:-1"},"canonical":"https:\/\/m95-153-36-162.cust.tele2.ee\/ru\/\u043a\u043b\u0438\u0435\u043d\u0442\u044b\/\u043f\u0430\u0440\u0442\u043d\u0435\u0440\u044b\/","og_locale":"ru_RU","og_type":"article","og_title":"Partnerid - \u00c4ritarkvara - AccountStudio teeb igap\u00e4evaselt koost\u00f6\u00f6d mitmete partneritega","og_description":"AccountStudio teeb igap\u00e4evaselt koost\u00f6\u00f6d mitmete partneritega. K\u00f5ik meie partnerid omavad AccountStudio \u00e4ritarkvara lahendustega pikaajalist kogemust","og_url":"https:\/\/m95-153-36-162.cust.tele2.ee\/ru\/\u043a\u043b\u0438\u0435\u043d\u0442\u044b\/\u043f\u0430\u0440\u0442\u043d\u0435\u0440\u044b\/","og_site_name":"\u0411\u0443\u0445\u0433\u0430\u043b\u0442\u0435\u0440\u0441\u043a\u0430\u044f \u043f\u0440\u043e\u0433\u0440\u0430\u043c\u043c\u0430 - AccountStudio","article_publisher":"https:\/\/www.facebook.com\/accountstudio","article_modified_time":"2019-07-11T11:02:17+00:00","og_image":[{"url":"https:\/\/accountstudio.ee\/wp-content\/uploads\/2018\/09\/AccountStudio-logo-2.png","type":"","width":"","height":""}],"twitter_card":"summary_large_image","schema":{"@context":"https:\/\/schema.org","@graph":[{"@type":"WebPage","@id":"https:\/\/m95-153-36-162.cust.tele2.ee\/ru\/%d0%ba%d0%bb%d0%b8%d0%b5%d0%bd%d1%82%d1%8b\/%d0%bf%d0%b0%d1%80%d1%82%d0%bd%d0%b5%d1%80%d1%8b\/","url":"https:\/\/m95-153-36-162.cust.tele2.ee\/ru\/%d0%ba%d0%bb%d0%b8%d0%b5%d0%bd%d1%82%d1%8b\/%d0%bf%d0%b0%d1%80%d1%82%d0%bd%d0%b5%d1%80%d1%8b\/","name":"Partnerid - \u00c4ritarkvara - AccountStudio teeb igap\u00e4evaselt koost\u00f6\u00f6d mitmete partneritega","isPartOf":{"@id":"https:\/\/www.accountstudio.ee\/#website"},"datePublished":"2018-06-05T13:00:13+00:00","dateModified":"2019-07-11T11:02:17+00:00","description":"AccountStudio teeb igap\u00e4evaselt koost\u00f6\u00f6d mitmete partneritega. K\u00f5ik meie partnerid omavad AccountStudio \u00e4ritarkvara lahendustega pikaajalist kogemust","breadcrumb":{"@id":"https:\/\/m95-153-36-162.cust.tele2.ee\/ru\/%d0%ba%d0%bb%d0%b8%d0%b5%d0%bd%d1%82%d1%8b\/%d0%bf%d0%b0%d1%80%d1%82%d0%bd%d0%b5%d1%80%d1%8b\/#breadcrumb"},"inLanguage":"ru-RU","potentialAction":[{"@type":"ReadAction","target":["https:\/\/m95-153-36-162.cust.tele2.ee\/ru\/%d0%ba%d0%bb%d0%b8%d0%b5%d0%bd%d1%82%d1%8b\/%d0%bf%d0%b0%d1%80%d1%82%d0%bd%d0%b5%d1%80%d1%8b\/"]}]},{"@type":"BreadcrumbList","@id":"https:\/\/m95-153-36-162.cust.tele2.ee\/ru\/%d0%ba%d0%bb%d0%b8%d0%b5%d0%bd%d1%82%d1%8b\/%d0%bf%d0%b0%d1%80%d1%82%d0%bd%d0%b5%d1%80%d1%8b\/#breadcrumb","itemListElement":[{"@type":"ListItem","position":1,"name":"Home","item":"https:\/\/smtp.aovalgus.ee\/ru\/"},{"@type":"ListItem","position":2,"name":"\u041a\u043b\u0438\u0435\u043d\u0442\u044b","item":"https:\/\/m95-153-36-162.cust.tele2.ee\/ru\/%d0%ba%d0%bb%d0%b8%d0%b5%d0%bd%d1%82%d1%8b\/"},{"@type":"ListItem","position":3,"name":"\u041f\u0430\u0440\u0442\u043d\u0435\u0440\u044b"}]},{"@type":"WebSite","@id":"https:\/\/www.accountstudio.ee\/#website","url":"https:\/\/www.accountstudio.ee\/","name":"\u0411\u0443\u0445\u0433\u0430\u043b\u0442\u0435\u0440\u0441\u043a\u0430\u044f \u043f\u0440\u043e\u0433\u0440\u0430\u043c\u043c\u0430 - AccountStudio","description":"","publisher":{"@id":"https:\/\/www.accountstudio.ee\/#organization"},"potentialAction":[{"@type":"SearchAction","target":{"@type":"EntryPoint","urlTemplate":"https:\/\/www.accountstudio.ee\/?s={search_term_string}"},"query-input":{"@type":"PropertyValueSpecification","valueRequired":true,"valueName":"search_term_string"}}],"inLanguage":"ru-RU"},{"@type":"Organization","@id":"https:\/\/www.accountstudio.ee\/#organization","name":"Account Studio O\u00dc","url":"https:\/\/www.accountstudio.ee\/","logo":{"@type":"ImageObject","inLanguage":"ru-RU","@id":"https:\/\/www.accountstudio.ee\/#\/schema\/logo\/image\/","url":"https:\/\/accountstudio.ee\/wp-content\/uploads\/2017\/12\/Aritarkvara-AccountStudio.png","contentUrl":"https:\/\/accountstudio.ee\/wp-content\/uploads\/2017\/12\/Aritarkvara-AccountStudio.png","width":2309,"height":351,"caption":"Account Studio O\u00dc"},"image":{"@id":"https:\/\/www.accountstudio.ee\/#\/schema\/logo\/image\/"},"sameAs":["https:\/\/www.facebook.com\/accountstudio"]}]}},"_links":{"self":[{"href":"https:\/\/www.accountstudio.ee\/ru\/wp-json\/wp\/v2\/pages\/1261","targetHints":{"allow":["GET"]}}],"collection":[{"href":"https:\/\/www.accountstudio.ee\/ru\/wp-json\/wp\/v2\/pages"}],"about":[{"href":"https:\/\/www.accountstudio.ee\/ru\/wp-json\/wp\/v2\/types\/page"}],"author":[{"embeddable":true,"href":"https:\/\/www.accountstudio.ee\/ru\/wp-json\/wp\/v2\/users\/4"}],"replies":[{"embeddable":true,"href":"https:\/\/www.accountstudio.ee\/ru\/wp-json\/wp\/v2\/comments?post=1261"}],"version-history":[{"count":35,"href":"https:\/\/www.accountstudio.ee\/ru\/wp-json\/wp\/v2\/pages\/1261\/revisions"}],"predecessor-version":[{"id":3753,"href":"https:\/\/www.accountstudio.ee\/ru\/wp-json\/wp\/v2\/pages\/1261\/revisions\/3753"}],"up":[{"embeddable":true,"href":"https:\/\/www.accountstudio.ee\/ru\/wp-json\/wp\/v2\/pages\/1405"}],"wp:attachment":[{"href":"https:\/\/www.accountstudio.ee\/ru\/wp-json\/wp\/v2\/media?parent=1261"}],"curies":[{"name":"wp","href":"https:\/\/api.w.org\/{rel}","templated":true}]}}